{"id":3677,"date":"2025-11-25T04:39:36","date_gmt":"2025-11-25T03:39:36","guid":{"rendered":"https:\/\/jnrpuff.de\/?post_type=product&#038;p=3677"},"modified":"2025-11-25T04:39:37","modified_gmt":"2025-11-25T03:39:37","slug":"fumot-tornado-20000-cotton-candy","status":"publish","type":"product","link":"https:\/\/jnrpuff.de\/en\/product\/fumot-tornado-20000-cotton-candy\/","title":{"rendered":"Fumot Tornado 20000 Cotton Candy"},"content":{"rendered":"<h2 class=\"font-claude-response-heading text-text-100 mt-1 -mb-0.5\">Fumot Tornado 20000 Cotton Candy Disposable Vape<\/h2>\n<p class=\"font-claude-response-body whitespace-normal break-words\">The Fumot Tornado 20000 Cotton Candy perfectly captures the sugary sweet nostalgia of candyfloss. This innovative disposable e-cigarette with dual mesh coil technology and smart LED display is filled with 20 ml of e-liquid and offers up to 20,000 puffs of pure fairground magic. Choose from 4 nicotine strengths \u2013 0%, 2%, 3% and 5% \u2013 and benefit from the convenient USB-C fast charging port.<\/p>\n<h3 class=\"font-claude-response-subheading text-text-100 mt-1 -mb-1.5\">Cotton Candy \u2013 Sweet Childhood Memories:<\/h3>\n<p class=\"font-claude-response-body whitespace-normal break-words\">The Fumot Tornado 20000 Cotton Candy takes you back to those magical moments at the fairground. This flavour authentically captures the light and airy sweetness of freshly spun candy floss \u2013 without being overpowering or cloying. The robust 850 mAh rechargeable battery ensures that you can enjoy this nostalgic treat anytime.<\/p>\n<p class=\"font-claude-response-body whitespace-normal break-words\">The advanced dual mesh coil technology perfectly reproduces the characteristic sweetness, producing soft, voluminous clouds of vapour that visually resemble real candyfloss. The intuitive LED display keeps you informed about battery status and liquid consumption at all times. The handy, modern housing fits perfectly into any situation \u2013 from your lunch break to a relaxing evening.<\/p>\n<p class=\"font-claude-response-body whitespace-normal break-words\">With a generous 20 ml capacity, you can reminisce without having to worry about refilling. Authentic cotton candy flavour, impressive cloud production and foolproof operation \u2013 the Fumot Tornado 20000 Cotton Candy brings the fairground atmosphere into your everyday life.<\/p>\n<h3 class=\"font-claude-response-subheading text-text-100 mt-1 -mb-1.5\">Technical data:<\/h3>\n<p class=\"font-claude-response-body whitespace-normal break-words\"><strong>Nicotine strength:<\/strong> 0% \/ 2% \/ 3% \/ 5%<br \/>\n<strong>Battery:<\/strong> 850 mAh rechargeable battery<br \/>\n<strong>Trains:<\/strong> 20,000 trains<br \/>\n<strong>Tank volume:<\/strong> 20 ml<br \/>\n<strong>Display:<\/strong> LED display with e-liquid and battery level indicator<br \/>\n<strong>Charging connection:<\/strong> USB-C port<br \/>\n<strong>Vaporiser head:<\/strong> dual mesh coil<\/p>\n<h3 class=\"font-claude-response-subheading text-text-100 mt-1 -mb-1.5\">Discover more FUMOT VAPE at jnrpuff<\/h3>\n<p class=\"font-claude-response-body whitespace-normal break-words\">Explore more premium products in our <strong><a class=\"underline\" href=\"https:\/\/jnrpuff.de\/en\/\">JNR Puff Online Shop<\/a><\/strong> and see our quality for yourself. The <strong><a class=\"underline\" href=\"https:\/\/jnrpuff.de\/en\/product-category\/fumot-vape\/\">FUMOT VAPE Category<\/a><\/strong> offers you state-of-the-art vaping technology. All flavour variants of the Fumot Tornado 20000 can be found in our <strong><a class=\"underline\" href=\"https:\/\/jnrpuff.de\/en\/product-category\/fumot-vape\/fumot-tornado-20000\/\">Fumot Tornado 20000 Collection<\/a><\/strong>.<\/p>","protected":false},"excerpt":{"rendered":"<div>\n<div class=\"grid-cols-1 grid gap-2.5 [&amp;_&gt;_*]:min-w-0 !gap-3.5\">\n<p class=\"font-claude-response-body whitespace-normal break-words\">Der Fumot Tornado 20000 Cotton Candy f\u00e4ngt die zuckers\u00fc\u00dfe Nostalgie von Zuckerwatte authentisch ein. Mit 20.000 Z\u00fcgen, 850-mAh-Akku und Dual-Mesh-Coil-Technologie liefert diese Einweg-E-Zigarette luftig-leichte S\u00fc\u00dfe und eindrucksvolle Dampfwolken wie echte Zuckerwatte. LED-Display zeigt Akkustand und Liquidmenge an. 20 ml E-Liquid, USB-C-Schnellladung, 4 Nikotinst\u00e4rken \u2013 Jahrmarktzauber im Alltag.<\/p>\n<\/div>\n<\/div>\n<div class=\"h-8\"><\/div>\n","protected":false},"featured_media":3681,"comment_status":"open","ping_status":"closed","template":"","meta":{"_acf_changed":false},"product_brand":[],"product_cat":[56],"product_tag":[],"class_list":{"0":"post-3677","1":"product","2":"type-product","3":"status-publish","4":"has-post-thumbnail","6":"product_cat-fumot-tornado-20000","8":"first","9":"instock","10":"shipping-taxable","11":"purchasable","12":"product-type-variable"},"acf":[],"_links":{"self":[{"href":"https:\/\/jnrpuff.de\/en\/wp-json\/wp\/v2\/product\/3677","targetHints":{"allow":["GET"]}}],"collection":[{"href":"https:\/\/jnrpuff.de\/en\/wp-json\/wp\/v2\/product"}],"about":[{"href":"https:\/\/jnrpuff.de\/en\/wp-json\/wp\/v2\/types\/product"}],"replies":[{"embeddable":true,"href":"https:\/\/jnrpuff.de\/en\/wp-json\/wp\/v2\/comments?post=3677"}],"wp:featuredmedia":[{"embeddable":true,"href":"https:\/\/jnrpuff.de\/en\/wp-json\/wp\/v2\/media\/3681"}],"wp:attachment":[{"href":"https:\/\/jnrpuff.de\/en\/wp-json\/wp\/v2\/media?parent=3677"}],"wp:term":[{"taxonomy":"product_brand","embeddable":true,"href":"https:\/\/jnrpuff.de\/en\/wp-json\/wp\/v2\/product_brand?post=3677"},{"taxonomy":"product_cat","embeddable":true,"href":"https:\/\/jnrpuff.de\/en\/wp-json\/wp\/v2\/product_cat?post=3677"},{"taxonomy":"product_tag","embeddable":true,"href":"https:\/\/jnrpuff.de\/en\/wp-json\/wp\/v2\/product_tag?post=3677"}],"curies":[{"name":"wp","href":"https:\/\/api.w.org\/{rel}","templated":true}]}}