{"id":537,"date":"2025-09-27T05:26:38","date_gmt":"2025-09-27T03:26:38","guid":{"rendered":"https:\/\/jnrpuff.de\/?post_type=product&#038;p=537"},"modified":"2025-09-27T05:26:39","modified_gmt":"2025-09-27T03:26:39","slug":"jnr-falcon-16000-strawberry-watermelon-ice","status":"publish","type":"product","link":"https:\/\/jnrpuff.de\/en\/product\/jnr-falcon-16000-strawberry-watermelon-ice\/","title":{"rendered":"JNR Falcon 16000 Strawberry Watermelon Ice"},"content":{"rendered":"<h2 class=\"text-xl font-bold text-text-100 mt-1 -mb-0.5\">JNR Falcon 16000 Strawberry Watermelon Ice disposable e-cigarette<\/h2>\n<p class=\"whitespace-normal break-words\">The JNR Falcon 16K Strawberry Watermelon Ice is a premium disposable e-cigarette designed for experts who demand reliable, high-performance products that meet the requirements of the European market. With up to 16,000 puffs, a generous 22ml tank capacity, an 850mAh rechargeable battery and a dual mesh coil, it offers a long-lasting and intense vaping experience with the refreshing combination of sweet strawberry, juicy watermelon and cool menthol.<\/p>\n<h3 class=\"text-lg font-bold text-text-100 mt-1 -mb-1.5\">JNR Falcon 16000 Strawberry Watermelon Ice Highlights:<\/h3>\n<p class=\"whitespace-normal break-words\">The JNR Falcon 16000 Strawberry Watermelon Ice catapults your vaping habit to a new level with a spectacular 16,000 puffs per device. Say goodbye to regular swaps and celebrate extended vapour breaks with the 22ml e-liquid reservoir, designed for consistent, premium vapour without constant refills. Whether amateur or professional, this system delivers unrivalled ease of use and efficiency.<\/p>\n<p class=\"whitespace-normal break-words\">Technically perfected for peak performance, the JNR Falcon 16000 incorporates innovative dual mesh coil technology that ensures dense, consistent vapour and a spectacular flavour experience with every single puff. Its 850mAh rechargeable battery provides constant power throughout the product's lifetime, while the Type-C and Lightning dual-charging features ensure fast and customisable charging for all device types. Built to last, this e-cigarette integrates seamlessly into your everyday life.<\/p>\n<p class=\"whitespace-normal break-words\">Cased in a crystal design, the JNR Falcon 16000 Strawberry Watermelon Ice combines aesthetics with performance. The delicious fusion of ripe strawberries, refreshing watermelon and invigorating menthol coolness generates a summery flavour experience that is both revitalising and enjoyable. Specially developed for vapers in the EU, UK and USA, this device embodies the perfect harmony of elegance, performance and practicality and will become an essential companion for lovers of premium vaping pleasure.<\/p>\n<h3 class=\"text-lg font-bold text-text-100 mt-1 -mb-1.5\">Technical data:<\/h3>\n<p class=\"whitespace-normal break-words\"><strong>Make &amp; model:<\/strong> JNR Falcon<br \/>\n<strong>Trains:<\/strong> Up to 16,000<br \/>\n<strong>Capacity:<\/strong> 22ML<br \/>\n<strong>Coil type:<\/strong> Dual Mesh Coil<br \/>\n<strong>Coil resistance:<\/strong> 1.0\u03a9<br \/>\n<strong>Design:<\/strong> Crystal design<\/p>\n<h3 class=\"text-lg font-bold text-text-100 mt-1 -mb-1.5\">Discover more JNR VAPE at jnrpuff<\/h3>\n<p class=\"whitespace-normal break-words\">Immerse yourself in our product world at the <a class=\"underline\" href=\"https:\/\/jnrpuff.de\/en\/\"><strong>Homepage<\/strong><\/a> or discover the wide range of our <a class=\"underline\" href=\"https:\/\/jnrpuff.de\/en\/product-category\/jnr-vape\/\"><strong>JNR VAPE Product category<\/strong><\/a>. You can find all available flavour variations in our <a class=\"underline\" href=\"https:\/\/jnrpuff.de\/en\/product-category\/jnr-vape\/jnr-falcon-16000\/\"><strong>JNR Falcon 16000 Collection<\/strong><\/a>.<\/p>","protected":false},"excerpt":{"rendered":"<div>\n<div class=\"grid-cols-1 grid gap-2.5 [&amp;_&gt;_*]:min-w-0 !gap-3.5\">\n<p class=\"whitespace-normal break-words\">Die JNR Falcon 16000 Strawberry Watermelon Ice Einweg-Vape verbindet sommerliche Frische mit 16.000 Z\u00fcgen intensiven Geschmacks. S\u00fc\u00dfe Erdbeeren und saftige Wassermelone werden von k\u00fchlem Menthol perfekt erg\u00e4nzt. Mit 22ml E-Liquid und Dual-Mesh-Technologie f\u00fcr maximalen Dampfgenuss.<\/p>\n<\/div>\n<\/div>\n<div class=\"h-8\"><\/div>\n","protected":false},"featured_media":538,"comment_status":"open","ping_status":"closed","template":"","meta":{"_acf_changed":false},"product_brand":[],"product_cat":[23],"product_tag":[],"class_list":{"0":"post-537","1":"product","2":"type-product","3":"status-publish","4":"has-post-thumbnail","6":"product_cat-jnr-falcon-16000","8":"first","9":"instock","10":"shipping-taxable","11":"purchasable","12":"product-type-variable"},"acf":[],"_links":{"self":[{"href":"https:\/\/jnrpuff.de\/en\/wp-json\/wp\/v2\/product\/537","targetHints":{"allow":["GET"]}}],"collection":[{"href":"https:\/\/jnrpuff.de\/en\/wp-json\/wp\/v2\/product"}],"about":[{"href":"https:\/\/jnrpuff.de\/en\/wp-json\/wp\/v2\/types\/product"}],"replies":[{"embeddable":true,"href":"https:\/\/jnrpuff.de\/en\/wp-json\/wp\/v2\/comments?post=537"}],"wp:featuredmedia":[{"embeddable":true,"href":"https:\/\/jnrpuff.de\/en\/wp-json\/wp\/v2\/media\/538"}],"wp:attachment":[{"href":"https:\/\/jnrpuff.de\/en\/wp-json\/wp\/v2\/media?parent=537"}],"wp:term":[{"taxonomy":"product_brand","embeddable":true,"href":"https:\/\/jnrpuff.de\/en\/wp-json\/wp\/v2\/product_brand?post=537"},{"taxonomy":"product_cat","embeddable":true,"href":"https:\/\/jnrpuff.de\/en\/wp-json\/wp\/v2\/product_cat?post=537"},{"taxonomy":"product_tag","embeddable":true,"href":"https:\/\/jnrpuff.de\/en\/wp-json\/wp\/v2\/product_tag?post=537"}],"curies":[{"name":"wp","href":"https:\/\/api.w.org\/{rel}","templated":true}]}}