{"id":562,"date":"2025-09-27T05:44:11","date_gmt":"2025-09-27T03:44:11","guid":{"rendered":"https:\/\/jnrpuff.de\/?post_type=product&#038;p=562"},"modified":"2025-09-27T05:44:12","modified_gmt":"2025-09-27T03:44:12","slug":"jnr-falcon-16000-pink-lemon","status":"publish","type":"product","link":"https:\/\/jnrpuff.de\/en\/product\/jnr-falcon-16000-pink-lemon\/","title":{"rendered":"JNR Falcon 16000 Pink Lemon"},"content":{"rendered":"<h2 class=\"text-xl font-bold text-text-100 mt-1 -mb-0.5\">JNR Falcon 16000 Pink Lemon disposable e-cigarette<\/h2>\n<p class=\"whitespace-normal break-words\">The JNR Falcon 16K Pink Lemon is an innovative disposable e-cigarette, developed for experts who demand exceptional, high-quality products that meet the standards of the European market. With up to 16,000 puffs, a generous 22ml tank capacity, an 850mAh rechargeable battery and a dual mesh coil, it provides a long-lasting and intense vaping experience with the vibrant combination of pink grapefruit and tangy lemon.<\/p>\n<h3 class=\"text-lg font-bold text-text-100 mt-1 -mb-1.5\">JNR Falcon 16000 Pink Lemon Highlights:<\/h3>\n<p class=\"whitespace-normal break-words\">The JNR Falcon 16000 Pink Lemon takes your vaping pleasure to unimagined dimensions with a sensational 16,000 puffs per unit. Eliminate regular re-purchases and practice extended vapour phases with the 22ml e-liquid reservoir, designed for consistent, premium vapour without constant refills. Designed for all levels of experience, this device delivers exceptional practicality and reliability.<\/p>\n<p class=\"whitespace-normal break-words\">Precision engineered for superior quality, the JNR Falcon 16000 incorporates innovative dual mesh coil technology that delivers dense, consistent vapour and a spectacular flavour experience with every puff. The 850mAh rechargeable power bank ensures continuous power throughout the entire usage time, while the Type-C and Lightning dual-charging options guarantee fast and versatile recharging for different devices. Built to last, this e-cigarette fits effortlessly into your routine.<\/p>\n<p class=\"whitespace-normal break-words\">Encased in a crystal-like design, the JNR Falcon 16000 Pink Lemon fuses elegance with functionality. The refreshing fusion of sweet-tart pink grapefruit and vibrant lemon generates a vitalising flavour profile that is both invigorating and balanced. Optimally designed for vapers in Europe, the UK and America, this product represents the perfect harmony of style, performance and convenience and will become an essential companion for enthusiasts of exceptional vaping pleasure.<\/p>\n<h3 class=\"text-lg font-bold text-text-100 mt-1 -mb-1.5\">Technical data:<\/h3>\n<p class=\"whitespace-normal break-words\"><strong>Make &amp; model:<\/strong> JNR Falcon<br \/>\n<strong>Trains:<\/strong> Up to 16,000<br \/>\n<strong>Capacity:<\/strong> 22ML<br \/>\n<strong>Coil type:<\/strong> Dual Mesh Coil<br \/>\n<strong>Coil resistance:<\/strong> 1.0\u03a9<br \/>\n<strong>Design:<\/strong> Crystal design<\/p>\n<h3 class=\"text-lg font-bold text-text-100 mt-1 -mb-1.5\">Discover more JNR VAPE at jnrpuff<\/h3>\n<p class=\"whitespace-normal break-words\">Get to know our broad product portfolio on our <a class=\"underline\" href=\"https:\/\/jnrpuff.de\/en\/\"><strong>Homepage<\/strong><\/a> or browse through the variety of our <a class=\"underline\" href=\"https:\/\/jnrpuff.de\/en\/product-category\/jnr-vape\/\"><strong>JNR VAPE Product category<\/strong><\/a>. You can discover all available flavours in our <a class=\"underline\" href=\"https:\/\/jnrpuff.de\/en\/product-category\/jnr-vape\/jnr-falcon-16000\/\"><strong>JNR Falcon 16000 Collection<\/strong><\/a>.<\/p>","protected":false},"excerpt":{"rendered":"<div>\n<div class=\"grid-cols-1 grid gap-2.5 [&amp;_&gt;_*]:min-w-0 !gap-3.5\">\n<p class=\"whitespace-normal break-words\">Die JNR Falcon 16000 Pink Lemon Einweg-Vape vitalisiert mit 16.000 Z\u00fcgen erfrischenden Geschmacks. S\u00fc\u00df-herbe Pink Grapefruit trifft auf spritzige Zitrone f\u00fcr ein belebendes und ausgewogenes Aromaprofil. Mit 22ml E-Liquid und Dual-Mesh-Technologie f\u00fcr intensiven Zitrusgenuss.<\/p>\n<\/div>\n<\/div>\n<div class=\"h-8\"><\/div>\n","protected":false},"featured_media":563,"comment_status":"open","ping_status":"closed","template":"","meta":{"_acf_changed":false},"product_brand":[],"product_cat":[23],"product_tag":[],"class_list":{"0":"post-562","1":"product","2":"type-product","3":"status-publish","4":"has-post-thumbnail","6":"product_cat-jnr-falcon-16000","8":"first","9":"instock","10":"shipping-taxable","11":"purchasable","12":"product-type-variable"},"acf":[],"_links":{"self":[{"href":"https:\/\/jnrpuff.de\/en\/wp-json\/wp\/v2\/product\/562","targetHints":{"allow":["GET"]}}],"collection":[{"href":"https:\/\/jnrpuff.de\/en\/wp-json\/wp\/v2\/product"}],"about":[{"href":"https:\/\/jnrpuff.de\/en\/wp-json\/wp\/v2\/types\/product"}],"replies":[{"embeddable":true,"href":"https:\/\/jnrpuff.de\/en\/wp-json\/wp\/v2\/comments?post=562"}],"wp:featuredmedia":[{"embeddable":true,"href":"https:\/\/jnrpuff.de\/en\/wp-json\/wp\/v2\/media\/563"}],"wp:attachment":[{"href":"https:\/\/jnrpuff.de\/en\/wp-json\/wp\/v2\/media?parent=562"}],"wp:term":[{"taxonomy":"product_brand","embeddable":true,"href":"https:\/\/jnrpuff.de\/en\/wp-json\/wp\/v2\/product_brand?post=562"},{"taxonomy":"product_cat","embeddable":true,"href":"https:\/\/jnrpuff.de\/en\/wp-json\/wp\/v2\/product_cat?post=562"},{"taxonomy":"product_tag","embeddable":true,"href":"https:\/\/jnrpuff.de\/en\/wp-json\/wp\/v2\/product_tag?post=562"}],"curies":[{"name":"wp","href":"https:\/\/api.w.org\/{rel}","templated":true}]}}