{"id":257,"date":"2025-09-15T13:38:30","date_gmt":"2025-09-15T11:38:30","guid":{"rendered":"https:\/\/jnrpuff.de\/?page_id=257"},"modified":"2025-09-15T13:38:32","modified_gmt":"2025-09-15T11:38:32","slug":"ueber-uns","status":"publish","type":"page","link":"https:\/\/jnrpuff.de\/fr\/ueber-uns\/","title":{"rendered":"\u00e0 propos de nous"},"content":{"rendered":"<h1 class=\"wp-block-heading\">\u00c0 propos de JNRPUFF<\/h1>\n\n\n\n<h2 class=\"wp-block-heading\">Bienvenue chez votre partenaire premium pour les e-cigarettes jetables<\/h2>\n\n\n\n<p><strong>jnrpuff<\/strong>  est votre sp\u00e9cialiste de confiance en mati\u00e8re d'e-cigarettes jetables de premi\u00e8re qualit\u00e9. Nous incarnons les valeurs de qualit\u00e9, d'innovation et d'exp\u00e9riences de vapotage exceptionnelles. Notre objectif est de combiner une technologie de pointe avec des sensations gustatives intenses pour vous offrir la meilleure exp\u00e9rience de vapotage possible.<\/p>\n\n\n\n<h2 class=\"wp-block-heading\">Notre portefeuille de produits<\/h2>\n\n\n\n<p>Nous proposons une s\u00e9lection compl\u00e8te de marques de cigarettes \u00e9lectroniques renomm\u00e9es :<\/p>\n\n\n\n<ul class=\"wp-block-list\">\n<li>Randm Tornado<\/li>\n\n\n\n<li>Bang Vape<\/li>\n\n\n\n<li>JNR Vape<\/li>\n\n\n\n<li>Vapme Vape<\/li>\n\n\n\n<li>Onze Box Vape<\/li>\n\n\n\n<li>Uzy Vape<\/li>\n\n\n\n<li>Fizzy Vape<\/li>\n\n\n\n<li>Waspe Vape<\/li>\n\n\n\n<li>Vozol Vape<\/li>\n<\/ul>\n\n\n\n<p>Tous nos produits sont exclusivement des produits originaux provenant directement du fabricant. Gr\u00e2ce \u00e0 nos conditions de vente en gros, nous pouvons vous proposer des avantages tarifaires int\u00e9ressants, que vous soyez un client individuel ou un acheteur en gros.<\/p>\n\n\n\n<h2 class=\"wp-block-heading\">L'innovation gr\u00e2ce \u00e0 l'orientation client<\/h2>\n\n\n\n<p>Le secret de notre succ\u00e8s r\u00e9side dans notre profonde compr\u00e9hension des besoins de nos clients et dans notre volont\u00e9 d'innover en permanence. Nos \u00e9quipes de d\u00e9veloppement travaillent chaque jour \u00e0 la cr\u00e9ation de produits qui r\u00e9pondent aux exigences les plus \u00e9lev\u00e9es en mati\u00e8re de s\u00e9curit\u00e9 et de qualit\u00e9.<\/p>\n\n\n\n<p>Les commentaires des clients sont d'une valeur inestimable pour nous - ils nous permettent de d\u00e9velopper constamment nos lignes de produits et nous aident \u00e0 garder une longueur d'avance sur les exigences dynamiques du march\u00e9.<\/p>\n\n\n\n<h2 class=\"wp-block-heading\">Plus qu'un simple produit - une exp\u00e9rience compl\u00e8te<\/h2>\n\n\n\n<p><strong>jnrpuff<\/strong>  est bien plus qu'un simple \u00e9quipement de vapotage. Nous cr\u00e9ons des exp\u00e9riences de vapotage compl\u00e8tes. Nos vaporisateurs jetables sont con\u00e7us avec le plus grand soin afin de vous offrir des exp\u00e9riences gustatives incomparables.<\/p>\n\n\n\n<p>Des compositions fruit\u00e9es rafra\u00eechissantes aux nuances authentiques du tabac, vous trouverez \u00e0 coup s\u00fbr dans notre assortiment la vape parfaite qui non seulement r\u00e9pondra \u00e0 vos attentes, mais les d\u00e9passera.<\/p>\n\n\n\n<h2 class=\"wp-block-heading\">La qualit\u00e9 d'une production de pointe<\/h2>\n\n\n\n<p>Notre promesse de qualit\u00e9 se manifeste dans notre site de production ultramoderne o\u00f9 chaque <strong>jnrpuff<\/strong> -Il s'agit d'un produit qui est fabriqu\u00e9 avec la plus grande pr\u00e9cision et la plus grande attention.<\/p>\n\n\n\n<p>La durabilit\u00e9 et la conscience \u00e9cologique sont des \u00e9l\u00e9ments centraux de notre philosophie d'entreprise. C'est pourquoi nos vapes jetables, con\u00e7ues dans le respect de l'environnement, sont conformes aux directives environnementales les plus r\u00e9centes.<\/p>\n\n\n\n<h2 class=\"wp-block-heading\">Votre voyage de vapotage commence ici<\/h2>\n\n\n\n<p>Nous sommes reconnaissants de votre confiance en <strong>jnrpuff<\/strong>  et nous nous r\u00e9jouissons de vous accompagner dans votre d\u00e9marche individuelle de vapotage. Plongez dans le monde de <strong>jnrpuff<\/strong> - o\u00f9 une qualit\u00e9 de premier ordre, une technologie innovante et des exp\u00e9riences gustatives inoubliables forment un ensemble parfait.<\/p>\n\n\n\n<hr class=\"wp-block-separator has-alpha-channel-opacity\"\/>\n\n\n\n<p><strong>Votre <strong>jnrpuff<\/strong>-\u00e9quipe<\/strong><\/p>\n\n\n\n<p>Contact : aevktvanleon@gmail.com<\/p>","protected":false},"excerpt":{"rendered":"<p>\u00dcber JNRPUFF Willkommen bei Ihrem Premium-Partner f\u00fcr Einweg-E-Zigaretten jnrpuff ist Ihr vertrauensvoller Spezialist f\u00fcr erstklassige Einweg-E-Zigaretten. Wir verk\u00f6rpern die Werte Qualit\u00e4t, Innovation und au\u00dfergew\u00f6hnliche Dampferfahrungen. Unser Ziel ist es, modernste Technologie mit intensiven Geschmackserlebnissen zu vereinen und Ihnen dadurch das bestm\u00f6gliche Vaping-Erlebnis zu bieten. Unser Produktportfolio Wir f\u00fchren eine umfassende Auswahl renommierter E-Zigarettenmarken: Alle unsere [&#8230;]\n","protected":false},"author":1,"featured_media":0,"parent":0,"menu_order":0,"comment_status":"closed","ping_status":"closed","template":"","meta":{"_acf_changed":false,"footnotes":""},"class_list":["post-257","page","type-page","status-publish","hentry"],"acf":[],"_links":{"self":[{"href":"https:\/\/jnrpuff.de\/fr\/wp-json\/wp\/v2\/pages\/257","targetHints":{"allow":["GET"]}}],"collection":[{"href":"https:\/\/jnrpuff.de\/fr\/wp-json\/wp\/v2\/pages"}],"about":[{"href":"https:\/\/jnrpuff.de\/fr\/wp-json\/wp\/v2\/types\/page"}],"author":[{"embeddable":true,"href":"https:\/\/jnrpuff.de\/fr\/wp-json\/wp\/v2\/users\/1"}],"replies":[{"embeddable":true,"href":"https:\/\/jnrpuff.de\/fr\/wp-json\/wp\/v2\/comments?post=257"}],"version-history":[{"count":1,"href":"https:\/\/jnrpuff.de\/fr\/wp-json\/wp\/v2\/pages\/257\/revisions"}],"predecessor-version":[{"id":258,"href":"https:\/\/jnrpuff.de\/fr\/wp-json\/wp\/v2\/pages\/257\/revisions\/258"}],"wp:attachment":[{"href":"https:\/\/jnrpuff.de\/fr\/wp-json\/wp\/v2\/media?parent=257"}],"curies":[{"name":"wp","href":"https:\/\/api.w.org\/{rel}","templated":true}]}}