{"id":271,"date":"2025-09-15T13:52:34","date_gmt":"2025-09-15T11:52:34","guid":{"rendered":"https:\/\/jnrpuff.de\/?page_id=271"},"modified":"2025-09-15T13:52:36","modified_gmt":"2025-09-15T11:52:36","slug":"nutzungsbedingungen","status":"publish","type":"page","link":"https:\/\/jnrpuff.de\/fr\/nutzungsbedingungen\/","title":{"rendered":"Conditions d'utilisation"},"content":{"rendered":"<h1 class=\"wp-block-heading\">Conditions g\u00e9n\u00e9rales de vente<\/h1>\n\n\n\n<p>Bienvenue sur jnrpuff ! Nous vous prions de lire attentivement les conditions g\u00e9n\u00e9rales suivantes avant d'utiliser notre site Internet (jnrpuff.fr). En acc\u00e9dant \u00e0 notre plate-forme et en l'utilisant, vous acceptez ces conditions ainsi que la l\u00e9gislation en vigueur. Si vous refusez ces dispositions, nous vous prions de ne pas utiliser notre site Internet.<\/p>\n\n\n\n<h2 class=\"wp-block-heading\">Inscription d'utilisateur<\/h2>\n\n\n\n<p>Les utilisateurs ont la possibilit\u00e9 de s'inscrire sur jnrpuff. Vous \u00eates enti\u00e8rement responsable de toutes les op\u00e9rations effectu\u00e9es sur votre profil d'utilisateur, y compris le traitement confidentiel de votre cl\u00e9 d'acc\u00e8s ainsi que de toutes les actions effectu\u00e9es sous votre compte.<\/p>\n\n\n\n<h2 class=\"wp-block-heading\">Cr\u00e9ation de contenu et t\u00e9l\u00e9chargement<\/h2>\n\n\n\n<p>Les utilisateurs peuvent cr\u00e9er et\/ou transmettre des contenus (par exemple des textes, des images) sur notre plate-forme. Ils garantissent que tous les contenus transmis ne portent pas atteinte aux droits de tiers, notamment aux droits d'auteur ou \u00e0 d'autres droits de protection de la propri\u00e9t\u00e9 intellectuelle.<\/p>\n\n\n\n<h2 class=\"wp-block-heading\">Acquisition de biens<\/h2>\n\n\n\n<p>Les utilisateurs peuvent acheter des marchandises, des articles ou des services (paiement unique) via notre plateforme. En outre, nous pouvons mettre \u00e0 disposition des versions d'essai gratuites.<\/p>\n\n\n\n<h2 class=\"wp-block-heading\">Droits de propri\u00e9t\u00e9 intellectuelle<\/h2>\n\n\n\n<p>Tout le contenu de notre site web (y compris les logos, la conception graphique, les marques commerciales, etc.) est la propri\u00e9t\u00e9 de jnrpuff. L'utilisation, la reproduction ou la diffusion de ces contenus est interdite sans autorisation expresse.<\/p>\n\n\n\n<h2 class=\"wp-block-heading\">R\u00e9actions des utilisateurs<\/h2>\n\n\n\n<p>Les r\u00e9actions et les suggestions des utilisateurs peuvent \u00eatre utilis\u00e9es par nous sans r\u00e9mun\u00e9ration. Nous sommes en droit de mettre en \u0153uvre les r\u00e9actions ou les suggestions re\u00e7ues.<\/p>\n\n\n\n<h2 class=\"wp-block-heading\">Actions de marketing, concours et jeux-concours<\/h2>\n\n\n\n<p>Nous pouvons organiser des actions de marketing, des concours et des loteries. Les conditions de ces activit\u00e9s sont expos\u00e9es sur la page de l'action correspondante.<\/p>\n\n\n\n<h2 class=\"wp-block-heading\">Choix de la loi<\/h2>\n\n\n\n<p>L'utilisation de ce site web est r\u00e9gie par les lois de Hong Kong, sans tenir compte des r\u00e8gles de conflit de lois. Tout litige concernant ce site Internet doit \u00eatre r\u00e9gl\u00e9 par les tribunaux de Hong Kong. Toute r\u00e9clamation concernant ce site Internet doit \u00eatre d\u00e9pos\u00e9e dans un d\u00e9lai d'un an \u00e0 compter de la date \u00e0 laquelle elle a \u00e9t\u00e9 formul\u00e9e. Le fait que jnrpuff ne fasse pas appliquer une disposition de ces conditions ne constitue pas une renonciation \u00e0 ses droits. jnrpuff peut transf\u00e9rer ses droits et obligations en vertu de cet accord sans pr\u00e9avis.<\/p>\n\n\n\n<h2 class=\"wp-block-heading\">Exemption<\/h2>\n\n\n\n<p>Vous acceptez d'indemniser jnrpuff et ses partenaires de service pour toutes les pertes, co\u00fbts, dommages et d\u00e9penses r\u00e9sultant de la violation de ces conditions ou d'activit\u00e9s li\u00e9es \u00e0 votre profil d'utilisateur.<\/p>\n\n\n\n<h2 class=\"wp-block-heading\">Liens externes<\/h2>\n\n\n\n<p>jnrpuff peut faire r\u00e9f\u00e9rence \u00e0 des sites externes afin de faciliter l'acc\u00e8s des utilisateurs. Nous n'avons aucun contr\u00f4le sur ces sites externes et n'assumons aucune responsabilit\u00e9 quant \u00e0 leur comportement.<\/p>\n\n\n\n<h2 class=\"wp-block-heading\">Fin du contrat<\/h2>\n\n\n\n<p>Ces conditions s'appliquent \u00e0 votre acc\u00e8s au site ou \u00e0 l'ach\u00e8vement du processus d'enregistrement ou d'achat. jnrpuff peut mettre fin \u00e0 ces conditions ou \u00e0 une partie de celles-ci \u00e0 tout moment et pour n'importe quelle raison, sans notification pr\u00e9alable. Certaines clauses (y compris les droits d'auteur, les marques commerciales, les limitations de responsabilit\u00e9, les dommages et int\u00e9r\u00eats et autres dispositions) resteront en vigueur apr\u00e8s la fin du contrat.<\/p>\n\n\n\n<h2 class=\"wp-block-heading\">Respect de la l\u00e9gislation europ\u00e9enne et am\u00e9ricaine<\/h2>\n\n\n\n<p>Veuillez confirmer que vous ne vous trouvez pas dans un pays soumis \u00e0 un embargo de l'UE ou du gouvernement am\u00e9ricain et que vous ne figurez pas sur la liste des personnes interdites par le gouvernement am\u00e9ricain. Une fois l'envoi effectu\u00e9, nous n'assumons aucune responsabilit\u00e9 quant \u00e0 ces restrictions.<\/p>\n\n\n\n<h2 class=\"wp-block-heading\">Exclusion de garantie<\/h2>\n\n\n\n<p>Notre site Web, ainsi que les mat\u00e9riaux et produits fournis, sont propos\u00e9s en l'\u00e9tat, sans aucune garantie, expresse ou implicite. jnrpuff n'offre aucune garantie, y compris, mais sans s'y limiter, en ce qui concerne l'aptitude \u00e0 la commercialisation, l'utilisation \u00e0 des fins sp\u00e9cifiques et les vices juridiques. jnrpuff ne garantit pas que le site Web fonctionnera sans interruption ou sans erreur, que les d\u00e9fauts seront corrig\u00e9s ou que le site Web ne contiendra pas de composants nuisibles. Nous ne garantissons pas l'exactitude, l'actualit\u00e9 ou la fiabilit\u00e9 du mat\u00e9riel disponible sur le site.<\/p>\n\n\n\n<h2 class=\"wp-block-heading\">Traduction et interpr\u00e9tation<\/h2>\n\n\n\n<p>Ces conditions peuvent avoir \u00e9t\u00e9 traduites. En cas de divergence, la version originale anglaise pr\u00e9vaut.<\/p>\n\n\n\n<h2 class=\"wp-block-heading\">Modifications des conditions<\/h2>\n\n\n\n<p>Nous nous r\u00e9servons le droit de modifier \u00e0 tout moment les pr\u00e9sentes conditions g\u00e9n\u00e9rales. Les modifications seront publi\u00e9es sur cette page et prendront effet imm\u00e9diatement. Veuillez consulter r\u00e9guli\u00e8rement cette page pour vous tenir au courant des conditions g\u00e9n\u00e9rales les plus r\u00e9centes.<\/p>\n\n\n\n<h2 class=\"wp-block-heading\">Protection des mineurs en mati\u00e8re d'e-cigarettes<\/h2>\n\n\n\n<p>Il est strictement interdit aux mineurs de moins de 21 ans d'acheter ou d'utiliser des e-cigarettes. Pour prot\u00e9ger la sant\u00e9 des jeunes, nous proc\u00e9dons \u00e0 une v\u00e9rification rigoureuse de l'\u00e2ge afin de garantir que les e-cigarettes ne peuvent \u00eatre achet\u00e9es que par des personnes adultes.<\/p>","protected":false},"excerpt":{"rendered":"<p>Gesch\u00e4ftsbedingungen Herzlich willkommen bei jnrpuff! Wir bitten Sie, die nachstehenden Gesch\u00e4ftsbedingungen aufmerksam zu studieren, ehe Sie unsere Internetseite (jnrpuff.de) verwenden. Mit dem Aufruf und der Verwendung unserer Plattform stimmen Sie diesen Bestimmungen sowie den g\u00fcltigen Rechtsvorschriften zu. Falls Sie diese Bestimmungen ablehnen, bitten wir Sie, unsere Website nicht zu nutzen. Benutzerregistrierung Nutzer haben die M\u00f6glichkeit, [&#8230;]\n","protected":false},"author":1,"featured_media":0,"parent":0,"menu_order":0,"comment_status":"closed","ping_status":"closed","template":"","meta":{"_acf_changed":false,"footnotes":""},"class_list":["post-271","page","type-page","status-publish","hentry"],"acf":[],"_links":{"self":[{"href":"https:\/\/jnrpuff.de\/fr\/wp-json\/wp\/v2\/pages\/271","targetHints":{"allow":["GET"]}}],"collection":[{"href":"https:\/\/jnrpuff.de\/fr\/wp-json\/wp\/v2\/pages"}],"about":[{"href":"https:\/\/jnrpuff.de\/fr\/wp-json\/wp\/v2\/types\/page"}],"author":[{"embeddable":true,"href":"https:\/\/jnrpuff.de\/fr\/wp-json\/wp\/v2\/users\/1"}],"replies":[{"embeddable":true,"href":"https:\/\/jnrpuff.de\/fr\/wp-json\/wp\/v2\/comments?post=271"}],"version-history":[{"count":1,"href":"https:\/\/jnrpuff.de\/fr\/wp-json\/wp\/v2\/pages\/271\/revisions"}],"predecessor-version":[{"id":272,"href":"https:\/\/jnrpuff.de\/fr\/wp-json\/wp\/v2\/pages\/271\/revisions\/272"}],"wp:attachment":[{"href":"https:\/\/jnrpuff.de\/fr\/wp-json\/wp\/v2\/media?parent=271"}],"curies":[{"name":"wp","href":"https:\/\/api.w.org\/{rel}","templated":true}]}}