{"id":1062,"date":"2025-10-11T10:05:18","date_gmt":"2025-10-11T08:05:18","guid":{"rendered":"https:\/\/jnrpuff.de\/?post_type=product&#038;p=1062"},"modified":"2026-01-01T10:00:48","modified_gmt":"2026-01-01T09:00:48","slug":"waspe-crystal-40000-red-bull-ice-strawberry-mango","status":"publish","type":"product","link":"https:\/\/jnrpuff.de\/fr\/produit\/waspe-crystal-40000-red-bull-ice-strawberry-mango\/","title":{"rendered":"WASPE Crystal 40000 Red Bull Ice\/Strawberry Mango"},"content":{"rendered":"<h2 class=\"text-xl font-bold text-text-100 mt-1 -mb-0.5\">WASPE Crystal 40000 Red Bull Ice\/Strawberry Mango Vaporisateur jetable<\/h2>\n<p class=\"whitespace-normal break-words\">La WASPE Crystal 40000 aux ar\u00f4mes \u00e9nergisants Red Bull Ice et Strawberry Mango vous offre 40 000 bouff\u00e9es incroyables dans un format styl\u00e9. \u00c9quip\u00e9 de 32 ml d'e-liquide de haute qualit\u00e9, d'une batterie fiable de 850 mAh et de doubles vaporisateurs en maille (0,9 ohm + 0,9 ohm), vous ferez l'exp\u00e9rience d'une vapeur intense et douce. Disponible en 0 %, 2 % ou 5 % de nicotine avec un chargement rapide Type-C pratique pour un plaisir ininterrompu.<\/p>\n<h3 class=\"text-lg font-bold text-text-100 mt-1 -mb-1.5\">Points forts du WASPE Crystal 40000 Red Bull Ice\/Strawberry Mango :<\/h3>\n<p class=\"whitespace-normal break-words\">Cette e-cigarette jetable haut de gamme avec \u00e9cran LCD et syst\u00e8me de double saveur s'adresse aux vapoteurs qui recherchent une exp\u00e9rience de vapotage puissante et endurante pouvant atteindre 40 000 bouff\u00e9es. L'option double saveur vous permet d'alterner entre le Red Bull Ice vivifiant et la Strawberry Mango tropicale.<\/p>\n<p class=\"whitespace-normal break-words\">Gr\u00e2ce au double syst\u00e8me de coil maill\u00e9 0,9 \u03a9, la production de vapeur est optimis\u00e9e et l'intensit\u00e9 du go\u00fbt est nettement renforc\u00e9e, ce qui se traduit par une exp\u00e9rience de vapotage particuli\u00e8rement agr\u00e9able. Le r\u00e9servoir g\u00e9n\u00e9reux de 32 ml r\u00e9duit consid\u00e9rablement la fr\u00e9quence des rachats.<\/p>\n<p class=\"whitespace-normal break-words\">D\u00e9couvrez le coup de fouet glac\u00e9 de Red Bull pour un regain d'\u00e9nergie ou savourez le fruit\u00e9 sucr\u00e9 de la fraise-mangue pour un moment de plaisir tropical. L'affichage LED intelligent vous tient toujours au courant du niveau de la batterie et du liquide.<\/p>\n<p class=\"whitespace-normal break-words\">Aliment\u00e9 par une batterie de 850 mAh avec fonction de recharge et charge rapide de type C, vous minimisez les temps d'attente et maximisez votre temps de vapotage.<\/p>\n<h3 class=\"text-lg font-bold text-text-100 mt-1 -mb-1.5\">Sp\u00e9cifications techniques :<\/h3>\n<p class=\"whitespace-normal break-words\"><strong>Trains :<\/strong> 40 000 poufs<br \/>\n<strong>Saveurs :<\/strong> Red Bull Ice \/ Strawberry Mango<br \/>\n<strong>\u00c9vaporateur :<\/strong> Dual Mesh Coil 0,9 Ohm + 0,9 Ohm<br \/>\n<strong>Capacit\u00e9 en e-liquide :<\/strong> 32 ml<br \/>\n<strong>Taux de nicotine :<\/strong> 0 % \/ 2 % \/ 5 %<br \/>\n<strong>Capacit\u00e9 de la batterie :<\/strong> 850 mAh<br \/>\n<strong>Fonction de charge :<\/strong> Charge rapide Type-C<br \/>\n<strong>annonce :<\/strong> \u00c9cran LED<\/p>\n<h3 class=\"text-lg font-bold text-text-100 mt-1 -mb-1.5\">D\u00e9couvrir plus de WASPE VAPE sur jnrpuff<\/h3>\n<p class=\"whitespace-normal break-words\">Visitez notre <strong><a class=\"underline\" href=\"https:\/\/jnrpuff.de\/fr\/\">Boutique en ligne d'e-cigarettes<\/a><\/strong> pour un grand choix de produits haut de gamme. Explorez toute la <strong><a class=\"underline\" href=\"https:\/\/jnrpuff.de\/fr\/product-category\/waspe-vape\/\">Palette WASPE VAPE<\/a><\/strong> avec des appareils \u00e0 vapeur innovants. Vous trouverez toutes les variantes de go\u00fbt dans notre <strong><a class=\"underline\" href=\"https:\/\/jnrpuff.de\/fr\/product-category\/waspe-vape\/waspe-crystal-40000\/\">WASPE Crystal 40000 Collection de saveurs<\/a><\/strong>.<\/p>","protected":false},"excerpt":{"rendered":"<p class=\"whitespace-normal break-words\">La WASPE Crystal 40000 Red Bull Ice\/Strawberry Mango allie un coup de fouet \u00e9nergique \u00e0 un fruit\u00e9 tropical. 40 000 bouff\u00e9es, 32 ml d'e-liquide et une batterie de 850 mAh garantissent un plaisir de longue dur\u00e9e. Coils \u00e0 maille double 0,9 ohm pour un go\u00fbt intense. \u00c9cran LED et charge rapide Type-C inclus !<\/p>","protected":false},"featured_media":1063,"comment_status":"open","ping_status":"closed","template":"","meta":{"_acf_changed":false},"product_brand":[],"product_cat":[32],"product_tag":[],"class_list":{"0":"post-1062","1":"product","2":"type-product","3":"status-publish","4":"has-post-thumbnail","6":"product_cat-waspe-crystal-40000","8":"first","9":"instock","10":"shipping-taxable","11":"purchasable","12":"product-type-variable"},"acf":[],"_links":{"self":[{"href":"https:\/\/jnrpuff.de\/fr\/wp-json\/wp\/v2\/product\/1062","targetHints":{"allow":["GET"]}}],"collection":[{"href":"https:\/\/jnrpuff.de\/fr\/wp-json\/wp\/v2\/product"}],"about":[{"href":"https:\/\/jnrpuff.de\/fr\/wp-json\/wp\/v2\/types\/product"}],"replies":[{"embeddable":true,"href":"https:\/\/jnrpuff.de\/fr\/wp-json\/wp\/v2\/comments?post=1062"}],"wp:featuredmedia":[{"embeddable":true,"href":"https:\/\/jnrpuff.de\/fr\/wp-json\/wp\/v2\/media\/1063"}],"wp:attachment":[{"href":"https:\/\/jnrpuff.de\/fr\/wp-json\/wp\/v2\/media?parent=1062"}],"wp:term":[{"taxonomy":"product_brand","embeddable":true,"href":"https:\/\/jnrpuff.de\/fr\/wp-json\/wp\/v2\/product_brand?post=1062"},{"taxonomy":"product_cat","embeddable":true,"href":"https:\/\/jnrpuff.de\/fr\/wp-json\/wp\/v2\/product_cat?post=1062"},{"taxonomy":"product_tag","embeddable":true,"href":"https:\/\/jnrpuff.de\/fr\/wp-json\/wp\/v2\/product_tag?post=1062"}],"curies":[{"name":"wp","href":"https:\/\/api.w.org\/{rel}","templated":true}]}}