{"id":2251,"date":"2025-10-27T08:17:47","date_gmt":"2025-10-27T07:17:47","guid":{"rendered":"https:\/\/jnrpuff.de\/?post_type=product&#038;p=2251"},"modified":"2025-10-27T08:17:47","modified_gmt":"2025-10-27T07:17:47","slug":"bang-king-30000-red-bull-blueberry-watermelon","status":"publish","type":"product","link":"https:\/\/jnrpuff.de\/fr\/produit\/bang-king-30000-red-bull-blueberry-watermelon\/","title":{"rendered":"Bang King 30000 Red Bull\/Blueberry Watermelon"},"content":{"rendered":"<h2 class=\"text-xl font-bold text-text-100 mt-1 -mb-0.5\">Bang King 30000 Red Bull\/Blueberry Watermelon Vaporisateur jetable<\/h2>\n<p class=\"whitespace-normal break-words\">L'e-cigarette Bang King 30.000 bouff\u00e9es jetables combine le go\u00fbt \u00e9nergique de Red Bull avec la fra\u00eecheur fruit\u00e9e de Blueberry Watermelon. Avec une capacit\u00e9 imposante de 30.000 bouff\u00e9es, cet appareil pose de nouveaux jalons en mati\u00e8re de long\u00e9vit\u00e9 et de fiabilit\u00e9. Le r\u00e9servoir d'e-liquide de 36 ml de grande capacit\u00e9 \u00e9vite les recharges \u00e9nervantes, tandis que la puissante batterie de 550 mAh dot\u00e9e de la technologie de charge moderne de type C assure un vapotage sans interruption. Disponible avec un taux de nicotine de 0%, 2%, 3% ou 5% - adapt\u00e9 aux diff\u00e9rentes pr\u00e9f\u00e9rences. Le coil maill\u00e9 1,0 ohms \u00e9prouv\u00e9 fournit une vapeur excellente et constante.<\/p>\n<h3 class=\"text-lg font-bold text-text-100 mt-1 -mb-1.5\">Bang King 30000 trains Points forts :<\/h3>\n<p class=\"whitespace-normal break-words\">Profitez de jusqu'\u00e0 30 000 bouff\u00e9es avec la cartouche d'e-liquide de 36 ml largement remplie. Disponible en quatre taux de nicotine - 0%, 2%, 3% et 5% - pour un plaisir de vapotage parfaitement adapt\u00e9. La batterie robuste de 550mAh offre une puissance de longue dur\u00e9e avec une fonction de charge rapide Type-C facile \u00e0 utiliser.<\/p>\n<p class=\"whitespace-normal break-words\">L'\u00e9cran LED informatif vous indique en permanence le niveau de charge et la quantit\u00e9 de liquide restante. La technologie intelligente Dual-Flavor permet de passer spontan\u00e9ment du Red Bull vivifiant au Blueberry Watermelon rafra\u00eechissant - deux ar\u00f4mes au caract\u00e8re bien tremp\u00e9 dans un appareil portable.<\/p>\n<p class=\"whitespace-normal break-words\">\u00c9quip\u00e9 d'un coil maill\u00e9 1,0\u03a9 efficace qui assure une performance de vaporisation de premier ordre et produit une vapeur intense et velout\u00e9e \u00e0 chaque bouff\u00e9e.<\/p>\n<h3 class=\"text-lg font-bold text-text-100 mt-1 -mb-1.5\">Sp\u00e9cifications du produit :<\/h3>\n<p class=\"whitespace-normal break-words\"><strong>Trains :<\/strong> Jusqu'\u00e0 30.000 trains<br \/>\n<strong>E-liquide :<\/strong> 36ml<br \/>\n<strong>la nicotine :<\/strong> 0%, 2%, 3%, 5%<br \/>\n<strong>Type<\/strong> \u00c0 usage unique<br \/>\n<strong>Batterie rechargeable :<\/strong> 550mAh rechargeable<br \/>\n<strong>flux d'air :<\/strong> R\u00e9glable<br \/>\n<strong>R\u00e9sistance de la bobine de chauffage :<\/strong> 1,0\u03a9 Bobine maill\u00e9e<\/p>\n<h3 class=\"text-lg font-bold text-text-100 mt-1 -mb-1.5\">D\u00e9couvrir plus de BANG VAPE sur jnrpuff<\/h3>\n<p class=\"whitespace-normal break-words\">Visitez <strong><a class=\"underline\" href=\"https:\/\/jnrpuff.de\/fr\/\">JNR Puff<\/a><\/strong> pour une excellente s\u00e9lection de produits vapeur de qualit\u00e9. D\u00e9couvrez d'autres appareils de premi\u00e8re classe dans notre <strong><a class=\"underline\" href=\"https:\/\/jnrpuff.de\/fr\/product-category\/bang-vape\/\">Cat\u00e9gorie BANG VAPE<\/a><\/strong> ou explorer les multiples <strong><a class=\"underline\" href=\"https:\/\/jnrpuff.de\/fr\/product-category\/bang-vape\/bang-king-30000\/\">Collection de saveurs Bang King 30000<\/a><\/strong>.<\/p>","protected":false},"excerpt":{"rendered":"<p class=\"whitespace-normal break-words\">La Bang King 30000 Red Bull\/Blueberry Watermelon associe le go\u00fbt vivifiant de Red Bull \u00e0 celui, rafra\u00eechissant, de Blueberry Watermelon. Avec 36 ml d'e-liquide, 30 000 bouff\u00e9es, un \u00e9cran LED et une batterie de 550 mAh. Technologie intelligente Dual-Flavor pour deux ar\u00f4mes au caract\u00e8re fort. 0-5% de nicotine disponible.<\/p>","protected":false},"featured_media":2252,"comment_status":"open","ping_status":"closed","template":"","meta":{"_acf_changed":false},"product_brand":[],"product_cat":[46],"product_tag":[],"class_list":{"0":"post-2251","1":"product","2":"type-product","3":"status-publish","4":"has-post-thumbnail","6":"product_cat-bang-king-30000","8":"first","9":"instock","10":"shipping-taxable","11":"purchasable","12":"product-type-variable"},"acf":[],"_links":{"self":[{"href":"https:\/\/jnrpuff.de\/fr\/wp-json\/wp\/v2\/product\/2251","targetHints":{"allow":["GET"]}}],"collection":[{"href":"https:\/\/jnrpuff.de\/fr\/wp-json\/wp\/v2\/product"}],"about":[{"href":"https:\/\/jnrpuff.de\/fr\/wp-json\/wp\/v2\/types\/product"}],"replies":[{"embeddable":true,"href":"https:\/\/jnrpuff.de\/fr\/wp-json\/wp\/v2\/comments?post=2251"}],"wp:featuredmedia":[{"embeddable":true,"href":"https:\/\/jnrpuff.de\/fr\/wp-json\/wp\/v2\/media\/2252"}],"wp:attachment":[{"href":"https:\/\/jnrpuff.de\/fr\/wp-json\/wp\/v2\/media?parent=2251"}],"wp:term":[{"taxonomy":"product_brand","embeddable":true,"href":"https:\/\/jnrpuff.de\/fr\/wp-json\/wp\/v2\/product_brand?post=2251"},{"taxonomy":"product_cat","embeddable":true,"href":"https:\/\/jnrpuff.de\/fr\/wp-json\/wp\/v2\/product_cat?post=2251"},{"taxonomy":"product_tag","embeddable":true,"href":"https:\/\/jnrpuff.de\/fr\/wp-json\/wp\/v2\/product_tag?post=2251"}],"curies":[{"name":"wp","href":"https:\/\/api.w.org\/{rel}","templated":true}]}}