{"id":2279,"date":"2025-10-27T08:26:57","date_gmt":"2025-10-27T07:26:57","guid":{"rendered":"https:\/\/jnrpuff.de\/?post_type=product&#038;p=2279"},"modified":"2025-10-27T08:26:58","modified_gmt":"2025-10-27T07:26:58","slug":"bang-king-30000-strawberry-kiwi-sour-apple-raspberry","status":"publish","type":"product","link":"https:\/\/jnrpuff.de\/fr\/produit\/bang-king-30000-strawberry-kiwi-sour-apple-raspberry\/","title":{"rendered":"Bang King 30000 Strawberry Kiwi\/Sour Apple Raspberry (Fraise)"},"content":{"rendered":"<h2 class=\"text-xl font-bold text-text-100 mt-1 -mb-0.5\">Bang King 30000 Strawberry Kiwi\/Sour Apple Raspberry Vaporisateur jetable<\/h2>\n<p class=\"whitespace-normal break-words\">L'e-cigarette Bang King 30.000 bouff\u00e9es jetables pr\u00e9sente une combinaison passionnante de la douceur du kiwi \u00e0 la fraise et de l'\u00e2pret\u00e9 de la fraise \u00e0 la pomme. Avec une capacit\u00e9 impressionnante de 30.000 bouff\u00e9es, ce dispositif offre une alternative durable aux produits jetables \u00e0 courte dur\u00e9e de vie. Le r\u00e9servoir d'e-liquide de 36 ml garantit un plaisir de longue dur\u00e9e sans remplissage fr\u00e9quent, tandis que la batterie rechargeable de 550 mAh avec connecteur de type C assure une disponibilit\u00e9 permanente. Choisissez entre 0%, 2%, 3% ou 5% de nicotine - pour chaque style de vapotage. Le coil maill\u00e9 de 1,0 ohms, qui a fait ses preuves, garantit des performances de vapotage constantes.<\/p>\n<h3 class=\"text-lg font-bold text-text-100 mt-1 -mb-1.5\">Bang King 30000 trains Points forts :<\/h3>\n<p class=\"whitespace-normal break-words\">Faites l'exp\u00e9rience d'une endurance remarquable avec jusqu'\u00e0 30 000 bouff\u00e9es \u00e0 partir d'une cartouche d'e-liquide pr\u00e9-remplie de 36 ml aux dimensions g\u00e9n\u00e9reuses. Disponible en quatre taux de nicotine - 0%, 2%, 3% et 5% - pour un plaisir de vapotage optimal. La puissante batterie de 550mAh assure une performance constante avec une fonction pratique de charge rapide de type C.<\/p>\n<p class=\"whitespace-normal break-words\">L'\u00e9cran LED moderne vous informe en permanence de la capacit\u00e9 de la batterie et de la quantit\u00e9 de liquide restante. La technologie innovante Dual-Flavor permet de passer spontan\u00e9ment de la saveur douce et fruit\u00e9e du Strawberry Kiwi \u00e0 la saveur acidul\u00e9e et intense du Sour Apple Raspberry - deux saveurs au caract\u00e8re bien tremp\u00e9 r\u00e9unies dans un appareil portable.<\/p>\n<p class=\"whitespace-normal break-words\">\u00c9quip\u00e9 d'un coil en maille 1,0\u03a9 de premi\u00e8re qualit\u00e9 pour une puissance de vaporisation optimale et une vapeur toujours pleine et riche en go\u00fbt.<\/p>\n<h3 class=\"text-lg font-bold text-text-100 mt-1 -mb-1.5\">Sp\u00e9cifications du produit :<\/h3>\n<p class=\"whitespace-normal break-words\"><strong>Trains :<\/strong> Jusqu'\u00e0 30.000 trains<br \/>\n<strong>E-liquide :<\/strong> 36ml<br \/>\n<strong>la nicotine :<\/strong> 0%, 2%, 3%, 5%<br \/>\n<strong>Type<\/strong> \u00c0 usage unique<br \/>\n<strong>Batterie rechargeable :<\/strong> 550mAh rechargeable<br \/>\n<strong>flux d'air :<\/strong> R\u00e9glable<br \/>\n<strong>R\u00e9sistance de la bobine de chauffage :<\/strong> 1,0\u03a9 Bobine maill\u00e9e<\/p>\n<h3 class=\"text-lg font-bold text-text-100 mt-1 -mb-1.5\">D\u00e9couvrir plus de BANG VAPE sur jnrpuff<\/h3>\n<p class=\"whitespace-normal break-words\">Explorez la gamme compl\u00e8te de mat\u00e9riel de vapotage haut de gamme sur <strong><a class=\"underline\" href=\"https:\/\/jnrpuff.de\/fr\/\">JNR Puff<\/a><\/strong>. Trouvez d'autres solutions vapeur de haute qualit\u00e9 dans notre <strong><a class=\"underline\" href=\"https:\/\/jnrpuff.de\/fr\/product-category\/bang-vape\/\">Cat\u00e9gorie BANG VAPE<\/a><\/strong> ou d\u00e9couvrez toutes les saveurs dans <strong><a class=\"underline\" href=\"https:\/\/jnrpuff.de\/fr\/product-category\/bang-vape\/bang-king-30000\/\">Collection de saveurs Bang King 30000<\/a><\/strong>.<\/p>","protected":false},"excerpt":{"rendered":"<p class=\"whitespace-normal break-words\">La Bang King 30000 Strawberry Kiwi\/Sour Apple Raspberry combine le doux fruit\u00e9 Strawberry Kiwi avec l'intense acidul\u00e9 Sour Apple Raspberry. Avec 36 ml d'e-liquide, 30 000 bouff\u00e9es, un \u00e9cran LED et une batterie de 550 mAh. Technologie innovante Dual-Flavor pour deux ar\u00f4mes au caract\u00e8re bien tremp\u00e9. 0-5% de nicotine disponible.<\/p>","protected":false},"featured_media":2280,"comment_status":"open","ping_status":"closed","template":"","meta":{"_acf_changed":false},"product_brand":[],"product_cat":[46],"product_tag":[],"class_list":{"0":"post-2279","1":"product","2":"type-product","3":"status-publish","4":"has-post-thumbnail","6":"product_cat-bang-king-30000","8":"first","9":"instock","10":"shipping-taxable","11":"purchasable","12":"product-type-variable"},"acf":[],"_links":{"self":[{"href":"https:\/\/jnrpuff.de\/fr\/wp-json\/wp\/v2\/product\/2279","targetHints":{"allow":["GET"]}}],"collection":[{"href":"https:\/\/jnrpuff.de\/fr\/wp-json\/wp\/v2\/product"}],"about":[{"href":"https:\/\/jnrpuff.de\/fr\/wp-json\/wp\/v2\/types\/product"}],"replies":[{"embeddable":true,"href":"https:\/\/jnrpuff.de\/fr\/wp-json\/wp\/v2\/comments?post=2279"}],"wp:featuredmedia":[{"embeddable":true,"href":"https:\/\/jnrpuff.de\/fr\/wp-json\/wp\/v2\/media\/2280"}],"wp:attachment":[{"href":"https:\/\/jnrpuff.de\/fr\/wp-json\/wp\/v2\/media?parent=2279"}],"wp:term":[{"taxonomy":"product_brand","embeddable":true,"href":"https:\/\/jnrpuff.de\/fr\/wp-json\/wp\/v2\/product_brand?post=2279"},{"taxonomy":"product_cat","embeddable":true,"href":"https:\/\/jnrpuff.de\/fr\/wp-json\/wp\/v2\/product_cat?post=2279"},{"taxonomy":"product_tag","embeddable":true,"href":"https:\/\/jnrpuff.de\/fr\/wp-json\/wp\/v2\/product_tag?post=2279"}],"curies":[{"name":"wp","href":"https:\/\/api.w.org\/{rel}","templated":true}]}}