{"id":2293,"date":"2025-10-27T08:32:18","date_gmt":"2025-10-27T07:32:18","guid":{"rendered":"https:\/\/jnrpuff.de\/?post_type=product&#038;p=2293"},"modified":"2025-10-27T08:32:18","modified_gmt":"2025-10-27T07:32:18","slug":"bang-king-30000-watermelon-ice-blueberry-mint","status":"publish","type":"product","link":"https:\/\/jnrpuff.de\/fr\/produit\/bang-king-30000-watermelon-ice-blueberry-mint\/","title":{"rendered":"Bang King 30000 Watermelon Ice\/Blueberry Mint"},"content":{"rendered":"<h2 class=\"text-xl font-bold text-text-100 mt-1 -mb-0.5\">Bang King 30000 Watermelon Ice\/Blueberry Mint Vaporisateur jetable<\/h2>\n<p class=\"whitespace-normal break-words\">L'e-cigarette Bang King 30.000 bouff\u00e9es jetables offre une combinaison rafra\u00eechissante de glace \u00e0 la past\u00e8que et de menthe \u00e0 la myrtille aromatique. Avec une capacit\u00e9 imposante de 30.000 bouff\u00e9es, cet appareil innovant constitue une solution rentable pour les vapoteurs fr\u00e9quents. La r\u00e9serve d'e-liquide de 36 ml \u00e9limine les recharges fastidieuses, tandis que la batterie robuste de 550 mAh avec port de chargement de type C garantit une disponibilit\u00e9 continue. Disponible avec un taux de nicotine de 0%, 2%, 3% ou 5% - adapt\u00e9 aux diff\u00e9rentes pr\u00e9f\u00e9rences. Le coil maill\u00e9 optimis\u00e9 de 1,0 ohm fournit une qualit\u00e9 de vapeur exceptionnelle de bout en bout.<\/p>\n<h3 class=\"text-lg font-bold text-text-100 mt-1 -mb-1.5\">Bang King 30000 trains Points forts :<\/h3>\n<p class=\"whitespace-normal break-words\">Profitez d'une endurance exceptionnelle avec jusqu'\u00e0 30 000 bouff\u00e9es \u00e0 partir d'une cartouche pr\u00e9-remplie g\u00e9n\u00e9reuse de 36 ml. Disponible dans des taux de nicotine flexibles de 0%, 2%, 3% et 5% pour des exp\u00e9riences de vapotage sur mesure. La puissante batterie de 550mAh offre des performances constantes avec un chargement rapide de type C facile \u00e0 utiliser.<\/p>\n<p class=\"whitespace-normal break-words\">L'\u00e9cran LED intelligent vous indique \u00e0 tout moment l'\u00e9tat de charge et le niveau d'e-liquide. L'astucieuse technologie Dual-Flavor permet de passer facilement de la glace \u00e0 la past\u00e8que \u00e0 la fra\u00eecheur des baies de la Blueberry Mint - deux profils de go\u00fbt rafra\u00eechissants dans un format compact.<\/p>\n<p class=\"whitespace-normal break-words\">\u00c9quip\u00e9 d'un coil en maille 1,0\u03a9 tr\u00e8s efficace, qui assure un transfert de chaleur de premier ordre et produit une vapeur intense et souple \u00e0 chaque bouff\u00e9e.<\/p>\n<h3 class=\"text-lg font-bold text-text-100 mt-1 -mb-1.5\">Sp\u00e9cifications du produit :<\/h3>\n<p class=\"whitespace-normal break-words\"><strong>Trains :<\/strong> Jusqu'\u00e0 30.000 trains<br \/>\n<strong>E-liquide :<\/strong> 36ml<br \/>\n<strong>la nicotine :<\/strong> 0%, 2%, 3%, 5%<br \/>\n<strong>Type<\/strong> \u00c0 usage unique<br \/>\n<strong>Batterie rechargeable :<\/strong> 550mAh rechargeable<br \/>\n<strong>flux d'air :<\/strong> R\u00e9glable<br \/>\n<strong>R\u00e9sistance de la bobine de chauffage :<\/strong> 1,0\u03a9 Bobine maill\u00e9e<\/p>\n<h3 class=\"text-lg font-bold text-text-100 mt-1 -mb-1.5\">D\u00e9couvrir plus de BANG VAPE sur jnrpuff<\/h3>\n<p class=\"whitespace-normal break-words\">Visitez <strong><a class=\"underline\" href=\"https:\/\/jnrpuff.de\/fr\/\">JNR Puff<\/a><\/strong> pour une excellente s\u00e9lection de produits de vapotage de qualit\u00e9. D\u00e9couvrez d'autres appareils de premi\u00e8re classe dans notre <strong><a class=\"underline\" href=\"https:\/\/jnrpuff.de\/fr\/product-category\/bang-vape\/\">Cat\u00e9gorie BANG VAPE<\/a><\/strong> ou explorer les multiples <strong><a class=\"underline\" href=\"https:\/\/jnrpuff.de\/fr\/product-category\/bang-vape\/bang-king-30000\/\">Collection de saveurs Bang King 30000<\/a><\/strong>.<\/p>","protected":false},"excerpt":{"rendered":"<p class=\"whitespace-normal break-words\">La Bang King 30000 Watermelon Ice\/Blueberry Mint allie la fra\u00eecheur glac\u00e9e de la Watermelon Ice \u00e0 la fra\u00eecheur des baies de la Blueberry Mint. Avec 36 ml d'e-liquide, 30 000 bouff\u00e9es, un \u00e9cran LED et une batterie de 550 mAh. Technologie intelligente Dual-Flavor pour deux profils de go\u00fbt rafra\u00eechissants. 0-5% de nicotine disponible.<\/p>","protected":false},"featured_media":2294,"comment_status":"open","ping_status":"closed","template":"","meta":{"_acf_changed":false},"product_brand":[],"product_cat":[46],"product_tag":[],"class_list":{"0":"post-2293","1":"product","2":"type-product","3":"status-publish","4":"has-post-thumbnail","6":"product_cat-bang-king-30000","8":"first","9":"instock","10":"shipping-taxable","11":"purchasable","12":"product-type-variable"},"acf":[],"_links":{"self":[{"href":"https:\/\/jnrpuff.de\/fr\/wp-json\/wp\/v2\/product\/2293","targetHints":{"allow":["GET"]}}],"collection":[{"href":"https:\/\/jnrpuff.de\/fr\/wp-json\/wp\/v2\/product"}],"about":[{"href":"https:\/\/jnrpuff.de\/fr\/wp-json\/wp\/v2\/types\/product"}],"replies":[{"embeddable":true,"href":"https:\/\/jnrpuff.de\/fr\/wp-json\/wp\/v2\/comments?post=2293"}],"wp:featuredmedia":[{"embeddable":true,"href":"https:\/\/jnrpuff.de\/fr\/wp-json\/wp\/v2\/media\/2294"}],"wp:attachment":[{"href":"https:\/\/jnrpuff.de\/fr\/wp-json\/wp\/v2\/media?parent=2293"}],"wp:term":[{"taxonomy":"product_brand","embeddable":true,"href":"https:\/\/jnrpuff.de\/fr\/wp-json\/wp\/v2\/product_brand?post=2293"},{"taxonomy":"product_cat","embeddable":true,"href":"https:\/\/jnrpuff.de\/fr\/wp-json\/wp\/v2\/product_cat?post=2293"},{"taxonomy":"product_tag","embeddable":true,"href":"https:\/\/jnrpuff.de\/fr\/wp-json\/wp\/v2\/product_tag?post=2293"}],"curies":[{"name":"wp","href":"https:\/\/api.w.org\/{rel}","templated":true}]}}