{"id":4756,"date":"2026-01-01T09:35:11","date_gmt":"2026-01-01T08:35:11","guid":{"rendered":"https:\/\/jnrpuff.de\/?post_type=product&#038;p=4756"},"modified":"2026-01-01T09:35:11","modified_gmt":"2026-01-01T08:35:11","slug":"vozol-neon-45000-vzbull","status":"publish","type":"product","link":"https:\/\/jnrpuff.de\/fr\/produit\/vozol-neon-45000-vzbull\/","title":{"rendered":"Vozol Neon 45000 VZbull"},"content":{"rendered":"<div data-test-render-count=\"2\">\n<div class=\"group\">\n<div class=\"group relative pb-3\" data-is-streaming=\"false\">\n<div class=\"font-claude-response relative leading-[1.65rem] [&amp;_pre&gt;div]:bg-bg-000\/50 [&amp;_pre&gt;div]:border-0.5 [&amp;_pre&gt;div]:border-border-400 [&amp;_.ignore-pre-bg&gt;div]:bg-transparent [&amp;_.standard-markdown_:is(p,blockquote,h1,h2,h3,h4,h5,h6)]:pl-2 [&amp;_.standard-markdown_:is(p,blockquote,ul,ol,h1,h2,h3,h4,h5,h6)]:pr-8 [&amp;_.progressive-markdown_:is(p,blockquote,h1,h2,h3,h4,h5,h6)]:pl-2 [&amp;_.progressive-markdown_:is(p,blockquote,ul,ol,h1,h2,h3,h4,h5,h6)]:pr-8\">\n<div>\n<div class=\"standard-markdown grid-cols-1 grid gap-4 [&amp;_&gt;_*]:min-w-0 standard-markdown\">\n<h2 class=\"text-text-100 mt-3 -mb-1 text-[1.125rem] font-bold\">Vozol Neon 45000 VZbull Einweg-Vape<\/h2>\n<\/div>\n<\/div>\n<\/div>\n<\/div>\n<\/div>\n<\/div>\n<div data-test-render-count=\"1\">\n<div class=\"group\">\n<div class=\"group relative pb-3\" data-is-streaming=\"false\">\n<div class=\"font-claude-response relative leading-[1.65rem] [&amp;_pre&gt;div]:bg-bg-000\/50 [&amp;_pre&gt;div]:border-0.5 [&amp;_pre&gt;div]:border-border-400 [&amp;_.ignore-pre-bg&gt;div]:bg-transparent [&amp;_.standard-markdown_:is(p,blockquote,h1,h2,h3,h4,h5,h6)]:pl-2 [&amp;_.standard-markdown_:is(p,blockquote,ul,ol,h1,h2,h3,h4,h5,h6)]:pr-8 [&amp;_.progressive-markdown_:is(p,blockquote,h1,h2,h3,h4,h5,h6)]:pl-2 [&amp;_.progressive-markdown_:is(p,blockquote,ul,ol,h1,h2,h3,h4,h5,h6)]:pr-8\">\n<div class=\"standard-markdown grid-cols-1 grid gap-4 [&amp;_&gt;_*]:min-w-0 standard-markdown\">\n<p class=\"font-claude-response-body break-words whitespace-normal leading-[1.7]\">Die Vozol Neon 45000 VZbull liefert den charakteristischen Energy-Drink-Geschmack f\u00fcr belebenden, kraftvollen Dampfgenuss. Mit der bemerkenswerten Kapazit\u00e4t von 45.000 Z\u00fcgen sichert Ihnen dieses Ger\u00e4t wochenlange Nutzung ohne h\u00e4ufige Ersatzbeschaffung. Das hochmoderne Device verf\u00fcgt \u00fcber 4 regelbare K\u00fchlintensit\u00e4ten f\u00fcr die perfekte Frische-Dosierung und 3 Stufen zur Regulierung von Leistung und Luftstrom, sodass Sie Zugverhalten und Dampfmenge nach Belieben anpassen k\u00f6nnen.<\/p>\n<h3 class=\"text-text-100 mt-2 -mb-1 text-base font-bold\">Vozol Neon 45000 VZbull \u2013 Zentrale Vorz\u00fcge:<\/h3>\n<p class=\"font-claude-response-body break-words whitespace-normal leading-[1.7]\">Der leistungsf\u00e4hige 800mAh Akku mit zeitgem\u00e4\u00dfem USB Type-C Port sichert kontinuierliche Energiebereitstellung w\u00e4hrend langer Dampfphasen bei schneller Wiederaufladungsm\u00f6glichkeit. Das moderne Smart-Display h\u00e4lt Sie permanent auf aktuellem Stand und pr\u00e4sentiert Batteriekapazit\u00e4t sowie verbleibendes Liquid-Niveau \u00fcbersichtlich, sodass Sie nie \u00fcberrascht werden.<\/p>\n<p class=\"font-claude-response-body break-words whitespace-normal leading-[1.7]\">Durch die innovative Mesh-Coil-Technologie wird die Dampfausbeute merklich erh\u00f6ht, w\u00e4hrend gleichzeitig besonders sanfte, geschmacksintensive Resultate erzielt werden. Dieses hochentwickelte Verdampfersystem f\u00fcgt sich optimal in die anpassbaren Features ein und generiert ein ausgewogenes Verh\u00e4ltnis zwischen Aromenf\u00fclle und Dampfvolumen.<\/p>\n<p class=\"font-claude-response-body break-words whitespace-normal leading-[1.7]\">Der intensive 5% Nikotingehalt liefert die durchsetzungsstarke Befriedigung, die anspruchsvolle Vaper erwarten, und macht die Vozol Neon 45000 VZbull zur idealen Option f\u00fcr alle mit hohen Qualit\u00e4ts- und Leistungsanforderungen.<\/p>\n<h3 class=\"text-text-100 mt-2 -mb-1 text-base font-bold\">Produktspezifikationen:<\/h3>\n<ul>\n<li><strong>Nikotingehalt:<\/strong> 5%<\/li>\n<li><strong>Zuganzahl:<\/strong> Bis zu 45.000 Z\u00fcge<\/li>\n<li><strong>Akkukapazit\u00e4t:<\/strong> 800mAh<\/li>\n<li><strong>Liquid-Volumen:<\/strong> 20ml<\/li>\n<li><strong>Coil-Typ:<\/strong> Mesh Coil<\/li>\n<li><strong>Ladeanschluss:<\/strong> USB Type-C<\/li>\n<li><strong>K\u00fchlstufen:<\/strong> 4-stufige K\u00e4lteregulierung<\/li>\n<li><strong>Airflow:<\/strong> 3-stufig einstellbarer Luftstrom<\/li>\n<li><strong>Geschmacksrichtung:<\/strong> VZbull<\/li>\n<\/ul>\n<h3 class=\"text-text-100 mt-2 -mb-1 text-base font-bold\">Mehr VOZOL VAPE bei jnrpuff entdecken<\/h3>\n<p class=\"font-claude-response-body break-words whitespace-normal leading-[1.7]\">Erkunden Sie bei <strong><a class=\"underline underline underline-offset-2 decoration-1 decoration-current\/40 hover:decoration-current focus:decoration-current\" href=\"https:\/\/jnrpuff.de\">JNR Puff<\/a><\/strong> die gro\u00dfe Bandbreite hochwertiger Vaping-L\u00f6sungen f\u00fcr jeden Geschmack. Die <strong><a class=\"underline underline underline-offset-2 decoration-1 decoration-current\/40 hover:decoration-current focus:decoration-current\" href=\"https:\/\/jnrpuff.de\/product-category\/vozol-vape\/\">VOZOL VAPE<\/a><\/strong> Kategorie bietet Ihnen innovative Produkte mit neuester Technologie. Entdecken Sie s\u00e4mtliche Geschmacksvarianten in der <strong><a class=\"underline underline underline-offset-2 decoration-1 decoration-current\/40 hover:decoration-current focus:decoration-current\" href=\"https:\/\/jnrpuff.de\/product-category\/vozol-vape\/vozol-neon-45000\/\">Vozol Neon 45000 Kollektion<\/a><\/strong> und erleben Sie Dampfgenuss der Extraklasse.<\/p>\n<\/div>\n<\/div>\n<\/div>\n<\/div>\n<\/div>\n","protected":false},"excerpt":{"rendered":"<p class=\"font-claude-response-body break-words whitespace-normal leading-[1.7]\">Die Vozol Neon 45000 VZbull bietet belebenden Energy-Drink-Geschmack f\u00fcr bis zu 45.000 Z\u00fcge. Das Smart-Display zeigt Akku- und Liquidstand, w\u00e4hrend 4 K\u00fchlstufen und 3 Airflow-Level individuelle Anpassung erm\u00f6glichen. Mit 20ml E-Liquid, 800mAh Akku und Mesh-Coil f\u00fcr kraftvollen Dampfgenuss.<\/p>\n<p class=\"font-claude-response-body break-words whitespace-normal leading-[1.7]\">\n","protected":false},"featured_media":4757,"comment_status":"open","ping_status":"closed","template":"","meta":{"_acf_changed":false},"product_brand":[],"product_cat":[65],"product_tag":[],"class_list":{"0":"post-4756","1":"product","2":"type-product","3":"status-publish","4":"has-post-thumbnail","6":"product_cat-vozol-neon-45000","8":"first","9":"instock","10":"shipping-taxable","11":"purchasable","12":"product-type-variable"},"acf":[],"_links":{"self":[{"href":"https:\/\/jnrpuff.de\/fr\/wp-json\/wp\/v2\/product\/4756","targetHints":{"allow":["GET"]}}],"collection":[{"href":"https:\/\/jnrpuff.de\/fr\/wp-json\/wp\/v2\/product"}],"about":[{"href":"https:\/\/jnrpuff.de\/fr\/wp-json\/wp\/v2\/types\/product"}],"replies":[{"embeddable":true,"href":"https:\/\/jnrpuff.de\/fr\/wp-json\/wp\/v2\/comments?post=4756"}],"wp:featuredmedia":[{"embeddable":true,"href":"https:\/\/jnrpuff.de\/fr\/wp-json\/wp\/v2\/media\/4757"}],"wp:attachment":[{"href":"https:\/\/jnrpuff.de\/fr\/wp-json\/wp\/v2\/media?parent=4756"}],"wp:term":[{"taxonomy":"product_brand","embeddable":true,"href":"https:\/\/jnrpuff.de\/fr\/wp-json\/wp\/v2\/product_brand?post=4756"},{"taxonomy":"product_cat","embeddable":true,"href":"https:\/\/jnrpuff.de\/fr\/wp-json\/wp\/v2\/product_cat?post=4756"},{"taxonomy":"product_tag","embeddable":true,"href":"https:\/\/jnrpuff.de\/fr\/wp-json\/wp\/v2\/product_tag?post=4756"}],"curies":[{"name":"wp","href":"https:\/\/api.w.org\/{rel}","templated":true}]}}